{"id":909,"date":"2020-04-09T21:24:56","date_gmt":"2020-04-09T19:24:56","guid":{"rendered":"http:\/\/www.dieschiefetournachpisa.de\/?page_id=909"},"modified":"2020-10-12T21:13:23","modified_gmt":"2020-10-12T19:13:23","slug":"die-etappen","status":"publish","type":"page","link":"http:\/\/www.dieschiefetournachpisa.de\/?page_id=909","title":{"rendered":"Die Etappen"},"content":{"rendered":"\n<p>Unten eine \u00dcbersicht der durchgef\u00fchrten Etappen. Fehlt der Link, fehlt der Bericht. Noch.<\/p>\n\n\n\n<p>Daf\u00fcr gibt es eine <a class=\"aioseop-link\" href=\"http:\/\/www.dieschiefetournachpisa.de\/?p=864\">Zusammenfassung nach 10 Etappen.<\/a><\/p>\n\n\n\n<figure class=\"wp-block-table alignfull\"><table class=\"has-fixed-layout\"><thead><tr><th><\/th><th>von<\/th><th>nach<\/th><th>km<\/th><th>ca. Zeit (h)<\/th><\/tr><\/thead><tbody><tr><td><a href=\"http:\/\/www.dieschiefetournachpisa.de\/?p=38\" target=\"_blank\" rel=\"noreferrer noopener\">Etappe 1<\/a><\/td><td>Hammoor<\/td><td>Trittau<\/td><td>16,5<\/td><td>05:00<\/td><\/tr><tr><td><u><font color=\"#002002\"><a class=\"aioseop-link\" href=\"http:\/\/www.dieschiefetournachpisa.de\/?p=111\">Eta<\/a><\/font><\/u><a href=\"http:\/\/www.dieschiefetournachpisa.de\/?p=111\" target=\"_blank\" rel=\"noreferrer noopener\">ppe 2<\/a><\/td><td>Trittau<\/td><td>Aum\u00fchle<\/td><td>22<\/td><td>07:00<\/td><\/tr><tr><td><a href=\"http:\/\/www.dieschiefetournachpisa.de\/?p=254\" target=\"_blank\" rel=\"noreferrer noopener\">Etappe 3<\/a><\/td><td>Aum\u00fchle<\/td><td>Geesthacht<\/td><td>22,2<\/td><td>08:00<\/td><\/tr><tr><td><a href=\"http:\/\/www.dieschiefetournachpisa.de\/?p=322\" target=\"_blank\" rel=\"noreferrer noopener\">Etappe 4<\/a><\/td><td>Geesthacht<\/td><td>Winsen(Luhe)<\/td><td>24<\/td><td>08:30<\/td><\/tr><tr><td><a href=\"http:\/\/www.dieschiefetournachpisa.de\/?p=461\" target=\"_blank\" rel=\"noreferrer noopener\">Etappe 5<\/a><\/td><td>Winsen(Luhe)<\/td><td>Ollsen<\/td><td>32<\/td><td>09:00<\/td><\/tr><tr><td><a href=\"http:\/\/www.dieschiefetournachpisa.de\/?p=559\" target=\"_blank\" rel=\"noreferrer noopener\">Etappe 6<\/a><\/td><td>Ollsen<\/td><td>Schneverdingen<\/td><td>32,9<\/td><td>10:45<\/td><\/tr><tr><td><a href=\"http:\/\/www.dieschiefetournachpisa.de\/?p=676\" target=\"_blank\" rel=\"noreferrer noopener\">Etappe 7<\/a><\/td><td>Schneverdingen<\/td><td>Soltau<\/td><td>28,9<\/td><td>09:30<\/td><\/tr><tr><td><a href=\"http:\/\/www.dieschiefetournachpisa.de\/?p=693\" target=\"_blank\" rel=\"noreferrer noopener\">Etappe 8<\/a><\/td><td>Soltau<\/td><td>Altenboizen<\/td><td>37,7<\/td><td>11:15<\/td><\/tr><tr><td><a href=\"http:\/\/www.dieschiefetournachpisa.de\/?p=822\" target=\"_blank\" rel=\"noreferrer noopener\">Etappe 9<\/a><\/td><td>Altenboizen<\/td><td>Schwarmstedt<\/td><td>30,1<\/td><td>09:15<\/td><\/tr><tr><td><a href=\"http:\/\/www.dieschiefetournachpisa.de\/?p=837\" target=\"_blank\" rel=\"noreferrer noopener\">Etappe 10<\/a><\/td><td>Schwarmstedt<\/td><td>Eilvese<\/td><td>32,5<\/td><td>08:15<\/td><\/tr><tr><td><a href=\"http:\/\/www.dieschiefetournachpisa.de\/?p=905\" target=\"_blank\" aria-label=\"Etappe 11 (opens in a new tab)\" rel=\"noreferrer noopener\" class=\"aioseop-link\">Etappe 11<\/a><\/td><td>Eilvese<\/td><td>Wunstorf<\/td><td>24<\/td><td>09:00<\/td><\/tr><tr><td><a href=\"http:\/\/www.dieschiefetournachpisa.de\/?p=954\" target=\"_blank\" rel=\"noreferrer noopener\">Etappe 12<\/a><\/td><td>Wunstorf<\/td><td>Bantorf<\/td><td>18,3<\/td><td>05:30<\/td><\/tr><tr><td>Etappe 13<\/td><td>Bantorf<\/td><td>???<\/td><td><\/td><td><\/td><\/tr><\/tbody><\/table><\/figure>\n\n\n\n<p><\/p>\n","protected":false},"excerpt":{"rendered":"<p>Unten eine \u00dcbersicht der durchgef\u00fchrten Etappen. Fehlt der Link, fehlt der Bericht. Noch. Daf\u00fcr gibt es eine Zusammenfassung nach 10 Etappen. von nach km ca. Zeit (h) Etappe 1 Hammoor Trittau 16,5 05:00 Etappe 2 Trittau Aum\u00fchle 22 07:00 Etappe 3 Aum\u00fchle Geesthacht 22,2 08:00 Etappe 4 Geesthacht Winsen(Luhe) 24 08:30 Etappe 5 Winsen(Luhe) Ollsen [&hellip;]<\/p>\n","protected":false},"author":1,"featured_media":582,"parent":0,"menu_order":0,"comment_status":"closed","ping_status":"closed","template":"","meta":{"ngg_post_thumbnail":0,"footnotes":""},"class_list":["post-909","page","type-page","status-publish","has-post-thumbnail","hentry"],"aioseo_notices":[],"_links":{"self":[{"href":"http:\/\/www.dieschiefetournachpisa.de\/index.php?rest_route=\/wp\/v2\/pages\/909","targetHints":{"allow":["GET"]}}],"collection":[{"href":"http:\/\/www.dieschiefetournachpisa.de\/index.php?rest_route=\/wp\/v2\/pages"}],"about":[{"href":"http:\/\/www.dieschiefetournachpisa.de\/index.php?rest_route=\/wp\/v2\/types\/page"}],"author":[{"embeddable":true,"href":"http:\/\/www.dieschiefetournachpisa.de\/index.php?rest_route=\/wp\/v2\/users\/1"}],"replies":[{"embeddable":true,"href":"http:\/\/www.dieschiefetournachpisa.de\/index.php?rest_route=%2Fwp%2Fv2%2Fcomments&post=909"}],"version-history":[{"count":16,"href":"http:\/\/www.dieschiefetournachpisa.de\/index.php?rest_route=\/wp\/v2\/pages\/909\/revisions"}],"predecessor-version":[{"id":985,"href":"http:\/\/www.dieschiefetournachpisa.de\/index.php?rest_route=\/wp\/v2\/pages\/909\/revisions\/985"}],"wp:featuredmedia":[{"embeddable":true,"href":"http:\/\/www.dieschiefetournachpisa.de\/index.php?rest_route=\/wp\/v2\/media\/582"}],"wp:attachment":[{"href":"http:\/\/www.dieschiefetournachpisa.de\/index.php?rest_route=%2Fwp%2Fv2%2Fmedia&parent=909"}],"curies":[{"name":"wp","href":"https:\/\/api.w.org\/{rel}","templated":true}]}}