{"id":2,"date":"2017-08-06T23:02:21","date_gmt":"2017-08-06T21:02:21","guid":{"rendered":"http:\/\/dieschiefetournachpisa.de\/?page_id=2"},"modified":"2020-04-09T21:29:06","modified_gmt":"2020-04-09T19:29:06","slug":"sample-page","status":"publish","type":"page","link":"http:\/\/www.dieschiefetournachpisa.de\/","title":{"rendered":"Die Tour"},"content":{"rendered":"<p>Die schiefe Tour nach Pisa<\/p>\n<p>So ein Mumpitz. Schiefe Tour gibt es nicht. Nur krumme Tour. Das h\u00e4tte dann aber wieder andere Assoziationen gehabt. Und das Ziel sollte schon erkennbar sein. Naja so ganz gerade kann man nicht sein, wenn man zu Fu\u00df von Schleswig-Holstein bis ans Mittelmeer wandern m\u00f6chte. Und eine Tour ist es genau genommen auch nicht, sondern eher viele kleine Touren. Also doch irgendwie \u201eschief\u201c.<br>\nAlso, um was geht es?<br>\nIrgendwann habe ich mal den Schuss nicht geh\u00f6rt und gleich kam mir eine doofe Idee. Warum nicht einmal eine lange Wanderung unternehmen? Ja, Pilgern auf dem Jacobsweg oder den Rheinsteig oder sonst was sch\u00f6nes. Sicher eine gute Idee, aber so viel Zeit habe ich nun nicht am St\u00fcck. Warum nicht das Ganze etwas st\u00fcckeln?<br>\nEs gibt nur eine Regel: Eine Etappe wird dort begonnen, wo die vorige aufgeh\u00f6rt hat. Und der Weg muss komplett zu Fu\u00df zur\u00fcckgelegt werden.<br>\nEine grobe Vorplanung der Route sieht so aus:<br>\n<img loading=\"lazy\" decoding=\"async\" width=\"641\" height=\"635\" class=\"alignnone  wp-image-24\" alt=\"\" src=\"http:\/\/www.dieschiefetournachpisa.de\/wp-content\/uploads\/2016\/05\/dstnp-\u00dcberblick-300x297.jpg\" srcset=\"http:\/\/www.dieschiefetournachpisa.de\/wp-content\/uploads\/2016\/05\/dstnp-\u00dcberblick-300x297.jpg 300w, http:\/\/www.dieschiefetournachpisa.de\/wp-content\/uploads\/2016\/05\/dstnp-\u00dcberblick-150x150.jpg 150w, http:\/\/www.dieschiefetournachpisa.de\/wp-content\/uploads\/2016\/05\/dstnp-\u00dcberblick-768x760.jpg 768w, http:\/\/www.dieschiefetournachpisa.de\/wp-content\/uploads\/2016\/05\/dstnp-\u00dcberblick-88x88.jpg 88w, http:\/\/www.dieschiefetournachpisa.de\/wp-content\/uploads\/2016\/05\/dstnp-\u00dcberblick.jpg 837w\" sizes=\"auto, (max-width: 641px) 100vw, 641px\" \/><\/p>\n<p>Von Hammoor \u00fcber Geesthacht, Winsen, Buchholz, dann \u00fcber Teile des Heidschnuckenweges durch die L\u00fcneburger Heide, \u00fcber meine Heimat Wunstorf, Deister, Ith, Altenbeken, Siegen, Koblenz. Den Rheinstieg bis Boppard, dann durch Pfalz und Schwarzwald. Dann in die Schweiz \u00fcber Z\u00fcrich und Rigi. Alpenquerung \u00fcber den Gotthard- und Rigi-Pass, entlang des Lago Maggiore nach Italien. Durch die Lombardei nach Genua und dann entlang der Mittelmeerk\u00fcste nach Pisa.<br>\nDas ist aber nur erstmal ein grober Vorentwurf. Mal sehen welche Ideen ich noch von Euch bekomme oder selber habe.<\/p>\n\n\n<p><a href=\"http:\/\/www.dieschiefetournachpisa.de\/?page_id=909\" class=\"aioseop-link\">Hier geht&#8217;s zur Etappen\u00fcbersicht<\/a><\/p>\n","protected":false},"excerpt":{"rendered":"<p>Die schiefe Tour nach Pisa So ein Mumpitz. Schiefe Tour gibt es nicht. Nur krumme Tour. Das h\u00e4tte dann aber wieder andere Assoziationen gehabt. Und das Ziel sollte schon erkennbar sein. Naja so ganz gerade kann man nicht sein, wenn man zu Fu\u00df von Schleswig-Holstein bis ans Mittelmeer wandern m\u00f6chte. Und eine Tour ist es [&hellip;]<\/p>\n","protected":false},"author":1,"featured_media":24,"parent":0,"menu_order":0,"comment_status":"closed","ping_status":"open","template":"","meta":{"ngg_post_thumbnail":0,"footnotes":""},"class_list":["post-2","page","type-page","status-publish","has-post-thumbnail","hentry"],"aioseo_notices":[],"_links":{"self":[{"href":"http:\/\/www.dieschiefetournachpisa.de\/index.php?rest_route=\/wp\/v2\/pages\/2","targetHints":{"allow":["GET"]}}],"collection":[{"href":"http:\/\/www.dieschiefetournachpisa.de\/index.php?rest_route=\/wp\/v2\/pages"}],"about":[{"href":"http:\/\/www.dieschiefetournachpisa.de\/index.php?rest_route=\/wp\/v2\/types\/page"}],"author":[{"embeddable":true,"href":"http:\/\/www.dieschiefetournachpisa.de\/index.php?rest_route=\/wp\/v2\/users\/1"}],"replies":[{"embeddable":true,"href":"http:\/\/www.dieschiefetournachpisa.de\/index.php?rest_route=%2Fwp%2Fv2%2Fcomments&post=2"}],"version-history":[{"count":4,"href":"http:\/\/www.dieschiefetournachpisa.de\/index.php?rest_route=\/wp\/v2\/pages\/2\/revisions"}],"predecessor-version":[{"id":924,"href":"http:\/\/www.dieschiefetournachpisa.de\/index.php?rest_route=\/wp\/v2\/pages\/2\/revisions\/924"}],"wp:featuredmedia":[{"embeddable":true,"href":"http:\/\/www.dieschiefetournachpisa.de\/index.php?rest_route=\/wp\/v2\/media\/24"}],"wp:attachment":[{"href":"http:\/\/www.dieschiefetournachpisa.de\/index.php?rest_route=%2Fwp%2Fv2%2Fmedia&parent=2"}],"curies":[{"name":"wp","href":"https:\/\/api.w.org\/{rel}","templated":true}]}}